{"id":5902,"date":"2022-05-27T11:21:34","date_gmt":"2022-05-27T09:21:34","guid":{"rendered":"https:\/\/imaginadigital.com\/gracies\/"},"modified":"2023-04-06T19:24:32","modified_gmt":"2023-04-06T17:24:32","slug":"gracies","status":"publish","type":"page","link":"https:\/\/imaginadigital.com\/ca\/gracies\/","title":{"rendered":"Gr\u00e0cies"},"content":{"rendered":"\t\t<div data-elementor-type=\"wp-page\" data-elementor-id=\"5902\" class=\"elementor elementor-5902 elementor-4674\" data-elementor-post-type=\"page\">\n\t\t\t\t\t\t<section class=\"elementor-section elementor-top-section elementor-element elementor-element-33b5445 elementor-section-full_width elementor-section-height-min-height elementor-section-content-middle elementor-section-stretched elementor-section-height-default elementor-section-items-middle\" data-id=\"33b5445\" data-element_type=\"section\" data-settings=\"{&quot;stretch_section&quot;:&quot;section-stretched&quot;,&quot;background_background&quot;:&quot;classic&quot;}\">\n\t\t\t\t\t\t<div class=\"elementor-container elementor-column-gap-no\">\n\t\t\t\t\t<div class=\"elementor-column elementor-col-100 elementor-top-column elementor-element elementor-element-630686a\" data-id=\"630686a\" data-element_type=\"column\">\n\t\t\t<div class=\"elementor-widget-wrap elementor-element-populated\">\n\t\t\t\t\t\t<section class=\"elementor-section elementor-inner-section elementor-element elementor-element-c029ae1 elementor-section-boxed elementor-section-height-default elementor-section-height-default\" data-id=\"c029ae1\" data-element_type=\"section\">\n\t\t\t\t\t\t<div class=\"elementor-container elementor-column-gap-default\">\n\t\t\t\t\t<div class=\"elementor-column elementor-col-100 elementor-inner-column elementor-element elementor-element-5f7fc1b\" data-id=\"5f7fc1b\" data-element_type=\"column\">\n\t\t\t<div class=\"elementor-widget-wrap elementor-element-populated\">\n\t\t\t\t\t\t<div class=\"elementor-element elementor-element-bf7a880 elementor-widget elementor-widget-image\" data-id=\"bf7a880\" data-element_type=\"widget\" data-widget_type=\"image.default\">\n\t\t\t\t\t\t\t\t\t\t\t\t\t\t\t<img fetchpriority=\"high\" decoding=\"async\" width=\"555\" height=\"144\" src=\"https:\/\/imaginadigital.com\/wp-content\/uploads\/2023\/03\/thanks_imagina.svg\" class=\"attachment-full size-full wp-image-15759\" alt=\"\" \/>\t\t\t\t\t\t\t\t\t\t\t\t\t\t\t<\/div>\n\t\t\t\t<div class=\"elementor-element elementor-element-5e36a8a elementor-widget elementor-widget-text-editor\" data-id=\"5e36a8a\" data-element_type=\"widget\" data-widget_type=\"text-editor.default\">\n\t\t\t\t\t\t\t\t\t<p>El teu missatge ha estat enviat. <br \/>Aviat ens posarem en contacte amb tu.<\/p>\n\t\t\t\t\t\t\t\t<\/div>\n\t\t\t\t\t<\/div>\n\t\t<\/div>\n\t\t\t\t\t<\/div>\n\t\t<\/section>\n\t\t\t\t<section class=\"elementor-section elementor-inner-section elementor-element elementor-element-e86c34c flex-col-cta elementor-section-boxed elementor-section-height-default elementor-section-height-default\" data-id=\"e86c34c\" data-element_type=\"section\">\n\t\t\t\t\t\t<div class=\"elementor-container elementor-column-gap-default\">\n\t\t\t\t\t<div class=\"elementor-column elementor-col-100 elementor-inner-column elementor-element elementor-element-ea15bf6\" data-id=\"ea15bf6\" data-element_type=\"column\">\n\t\t\t<div class=\"elementor-widget-wrap elementor-element-populated\">\n\t\t\t\t\t\t<div class=\"elementor-element elementor-element-0f027e3 elementor-align-center elementor-widget__width-auto flex-col-cta-one animated-slow elementor-invisible elementor-widget elementor-widget-button\" data-id=\"0f027e3\" data-element_type=\"widget\" data-settings=\"{&quot;_animation&quot;:&quot;bounceIn&quot;}\" data-widget_type=\"button.default\">\n\t\t\t\t\t\t\t\t\t\t<a class=\"elementor-button elementor-button-link elementor-size-md\" href=\"https:\/\/imaginadigital.com\/ca\/casos-de-exito\/\">\n\t\t\t\t\t\t<span class=\"elementor-button-content-wrapper\">\n\t\t\t\t\t\t\t\t\t<span class=\"elementor-button-text\">Casos de \u00e9xito<\/span>\n\t\t\t\t\t<\/span>\n\t\t\t\t\t<\/a>\n\t\t\t\t\t\t\t\t<\/div>\n\t\t\t\t<div class=\"elementor-element elementor-element-054a898 elementor-shape-circle elementor-widget__width-auto flex-col-cta-two elementor-grid-0 e-grid-align-center elementor-widget elementor-widget-social-icons\" data-id=\"054a898\" data-element_type=\"widget\" data-widget_type=\"social-icons.default\">\n\t\t\t\t\t\t\t<div class=\"elementor-social-icons-wrapper elementor-grid\" role=\"list\">\n\t\t\t\t\t\t\t<span class=\"elementor-grid-item\" role=\"listitem\">\n\t\t\t\t\t<a class=\"elementor-icon elementor-social-icon elementor-social-icon- elementor-repeater-item-42b0b71\" href=\"https:\/\/www.instagram.com\/agenciaimagina\/\" target=\"_blank\">\n\t\t\t\t\t\t<span class=\"elementor-screen-only\"><\/span>\n\t\t\t\t\t\t<svg xmlns=\"http:\/\/www.w3.org\/2000\/svg\" width=\"70.918\" height=\"70.919\" viewBox=\"0 0 70.918 70.919\"><g id=\"Grupo_7\" data-name=\"Grupo 7\" transform=\"translate(-938.451 -629.099)\"><circle id=\"Elipse_5\" data-name=\"Elipse 5\" cx=\"6.787\" cy=\"6.787\" r=\"6.787\" transform=\"translate(967.123 657.771)\" fill=\"#f6a000\"><\/circle><path id=\"Trazado_19\" data-name=\"Trazado 19\" d=\"M989.783,652.55a6.74,6.74,0,0,0-3.865-3.864,11.241,11.241,0,0,0-3.78-.7c-2.148-.1-2.791-.119-8.228-.119s-6.081.02-8.228.118a11.254,11.254,0,0,0-3.78.7,6.74,6.74,0,0,0-3.865,3.864,11.249,11.249,0,0,0-.7,3.781c-.1,2.147-.119,2.791-.119,8.228s.021,6.08.119,8.228a11.241,11.241,0,0,0,.7,3.78,6.743,6.743,0,0,0,3.864,3.864,11.242,11.242,0,0,0,3.781.7c2.147.1,2.79.118,8.227.118s6.082-.02,8.228-.118a11.236,11.236,0,0,0,3.781-.7,6.74,6.74,0,0,0,3.865-3.864,11.294,11.294,0,0,0,.7-3.78c.1-2.148.118-2.792.118-8.228s-.02-6.081-.118-8.228A11.249,11.249,0,0,0,989.783,652.55ZM973.91,675.014a10.455,10.455,0,1,1,10.456-10.456A10.456,10.456,0,0,1,973.91,675.014Zm10.869-18.881a2.444,2.444,0,1,1,2.443-2.444A2.444,2.444,0,0,1,984.779,656.133Z\" fill=\"#f6a000\"><\/path><path id=\"Trazado_20\" data-name=\"Trazado 20\" d=\"M973.91,629.1a35.46,35.46,0,1,0,35.459,35.459A35.463,35.463,0,0,0,973.91,629.1Zm20.239,43.854a14.965,14.965,0,0,1-.947,4.943,10.409,10.409,0,0,1-5.955,5.954,14.926,14.926,0,0,1-4.942.947c-2.171.1-2.865.123-8.394.123s-6.224-.024-8.4-.123a14.926,14.926,0,0,1-4.942-.947,10.413,10.413,0,0,1-5.955-5.954,14.937,14.937,0,0,1-.946-4.943c-.1-2.171-.123-2.865-.123-8.4s.023-6.223.122-8.394a14.956,14.956,0,0,1,.946-4.943,10.424,10.424,0,0,1,5.956-5.955,14.955,14.955,0,0,1,4.942-.946c2.172-.1,2.865-.123,8.395-.123s6.223.024,8.4.123a14.955,14.955,0,0,1,4.942.946,10.411,10.411,0,0,1,5.955,5.955,14.928,14.928,0,0,1,.947,4.943c.1,2.171.122,2.865.122,8.394S994.248,670.782,994.149,672.953Z\" fill=\"#f6a000\"><\/path><\/g><\/svg>\t\t\t\t\t<\/a>\n\t\t\t\t<\/span>\n\t\t\t\t\t\t\t<span class=\"elementor-grid-item\" role=\"listitem\">\n\t\t\t\t\t<a class=\"elementor-icon elementor-social-icon elementor-social-icon- elementor-repeater-item-64c785d\" href=\"https:\/\/www.linkedin.com\/company\/agencia-imagina\" target=\"_blank\">\n\t\t\t\t\t\t<span class=\"elementor-screen-only\"><\/span>\n\t\t\t\t\t\t<svg xmlns=\"http:\/\/www.w3.org\/2000\/svg\" xmlns:xlink=\"http:\/\/www.w3.org\/1999\/xlink\" width=\"71.422\" height=\"71.423\" viewBox=\"0 0 71.422 71.423\"><defs><clipPath id=\"clip-path\"><rect width=\"71.422\" height=\"71.423\" fill=\"none\"><\/rect><\/clipPath><\/defs><g id=\"Cuadr&#xED;cula_de_repetici&#xF3;n_1\" data-name=\"Cuadr&#xED;cula de repetici&#xF3;n 1\" clip-path=\"url(#clip-path)\"><g transform=\"translate(-1028.611 -628.928)\"><path id=\"Trazado_17\" data-name=\"Trazado 17\" d=\"M1064.322,628.928a35.712,35.712,0,1,0,35.711,35.711A35.715,35.715,0,0,0,1064.322,628.928Zm-10.377,53.985h-8.7V656.747h8.7Zm-4.349-29.739h-.056a4.5,4.5,0,0,1-4.806-4.52c0-2.567,1.945-4.521,4.92-4.521a4.52,4.52,0,0,1,4.863,4.521C1054.517,651.165,1052.629,653.174,1049.6,653.174Zm35.709,29.739h-8.7v-14c0-3.518-1.259-5.917-4.406-5.917a4.76,4.76,0,0,0-4.462,3.181,5.952,5.952,0,0,0-.286,2.122v14.612h-8.7s.114-23.711,0-26.166h8.7v3.705a8.632,8.632,0,0,1,7.838-4.319c5.722,0,10.012,3.74,10.012,11.777Z\" fill=\"#f6a000\"><\/path><\/g><\/g><\/svg>\t\t\t\t\t<\/a>\n\t\t\t\t<\/span>\n\t\t\t\t\t\t\t<span class=\"elementor-grid-item\" role=\"listitem\">\n\t\t\t\t\t<a class=\"elementor-icon elementor-social-icon elementor-social-icon- elementor-repeater-item-4f39aa9\" href=\"https:\/\/www.tiktok.com\/@agenciaimagina\" target=\"_blank\">\n\t\t\t\t\t\t<span class=\"elementor-screen-only\"><\/span>\n\t\t\t\t\t\t<svg xmlns=\"http:\/\/www.w3.org\/2000\/svg\" width=\"70.918\" height=\"70.918\" viewBox=\"0 0 70.918 70.918\"><path id=\"Trazado_18\" data-name=\"Trazado 18\" d=\"M1156.689,629.974a35.459,35.459,0,1,0,35.459,35.459A35.463,35.463,0,0,0,1156.689,629.974Zm17.789,27.13v4.8a16.754,16.754,0,0,1-10.252-3.484l.034,14.778a12.377,12.377,0,0,1-3.713,8.81,12.634,12.634,0,0,1-7.06,3.53,12.973,12.973,0,0,1-1.907.141,12.677,12.677,0,0,1-7.771-2.628,12.937,12.937,0,0,1-1.195-1.043,12.426,12.426,0,0,1-.561-17.134,12.677,12.677,0,0,1,9.527-4.26,12.973,12.973,0,0,1,1.907.141v6.713a5.977,5.977,0,1,0,4.111,5.679l.008-9.9V645.185h6.612a10.237,10.237,0,0,0,10.241,10.14l.019,0V657.1Z\" transform=\"translate(-1121.23 -629.974)\" fill=\"#f6a000\"><\/path><\/svg>\t\t\t\t\t<\/a>\n\t\t\t\t<\/span>\n\t\t\t\t\t\t\t<span class=\"elementor-grid-item\" role=\"listitem\">\n\t\t\t\t\t<a class=\"elementor-icon elementor-social-icon elementor-social-icon- elementor-repeater-item-487d9f1\" href=\"https:\/\/twitter.com\/agenciaimagina\" target=\"_blank\">\n\t\t\t\t\t\t<span class=\"elementor-screen-only\"><\/span>\n\t\t\t\t\t\t<svg xmlns=\"http:\/\/www.w3.org\/2000\/svg\" width=\"71.423\" height=\"71.422\" viewBox=\"0 0 71.423 71.422\"><path id=\"Trazado_16\" data-name=\"Trazado 16\" d=\"M1252.05,628.724a35.711,35.711,0,1,0,35.711,35.711A35.715,35.715,0,0,0,1252.05,628.724Zm16.3,27.844c.016.351.023.7.023,1.059,0,10.831-8.244,23.321-23.321,23.322h0a23.2,23.2,0,0,1-12.564-3.682,16.836,16.836,0,0,0,1.955.113,16.443,16.443,0,0,0,10.18-3.509,8.2,8.2,0,0,1-7.657-5.693,8.187,8.187,0,0,0,3.7-.14A8.2,8.2,0,0,1,1234.1,660c0-.037,0-.07,0-.1a8.139,8.139,0,0,0,3.713,1.025,8.2,8.2,0,0,1-2.538-10.943,23.272,23.272,0,0,0,16.9,8.565,8.2,8.2,0,0,1,13.968-7.475,16.457,16.457,0,0,0,5.2-1.99,8.228,8.228,0,0,1-3.6,4.534,16.351,16.351,0,0,0,4.707-1.291A16.668,16.668,0,0,1,1268.355,656.568Z\" transform=\"translate(-1216.338 -628.724)\" fill=\"#f6a000\"><\/path><\/svg>\t\t\t\t\t<\/a>\n\t\t\t\t<\/span>\n\t\t\t\t\t<\/div>\n\t\t\t\t\t\t<\/div>\n\t\t\t\t\t<\/div>\n\t\t<\/div>\n\t\t\t\t\t<\/div>\n\t\t<\/section>\n\t\t\t\t<div class=\"elementor-element elementor-element-4e72c04 elementor-align-center elementor-hidden-desktop elementor-hidden-tablet elementor-hidden-mobile elementor-widget elementor-widget-button\" data-id=\"4e72c04\" data-element_type=\"widget\" data-widget_type=\"button.default\">\n\t\t\t\t\t\t\t\t\t\t<a class=\"elementor-button elementor-button-link elementor-size-sm\" href=\"https:\/\/imaginadigital.com\/ca\/\">\n\t\t\t\t\t\t<span class=\"elementor-button-content-wrapper\">\n\t\t\t\t\t\t<span class=\"elementor-button-icon\">\n\t\t\t\t<i aria-hidden=\"true\" class=\"fas fa-undo-alt\"><\/i>\t\t\t<\/span>\n\t\t\t\t\t\t\t\t\t<span class=\"elementor-button-text\">TORNAR<\/span>\n\t\t\t\t\t<\/span>\n\t\t\t\t\t<\/a>\n\t\t\t\t\t\t\t\t<\/div>\n\t\t\t\t\t<\/div>\n\t\t<\/div>\n\t\t\t\t\t<\/div>\n\t\t<\/section>\n\t\t\t\t<\/div>\n\t\t","protected":false},"excerpt":{"rendered":"<p>El teu missatge ha estat enviat. Aviat ens posarem en contacte amb tu. Casos de \u00e9xito TORNAR<\/p>\n","protected":false},"author":4,"featured_media":0,"parent":0,"menu_order":0,"comment_status":"closed","ping_status":"closed","template":"","meta":{"_acf_changed":false,"content-type":"","inline_featured_image":false,"footnotes":""},"class_list":["post-5902","page","type-page","status-publish"],"acf":[],"yoast_head":"<!-- This site is optimized with the Yoast SEO plugin v26.0 - https:\/\/yoast.com\/wordpress\/plugins\/seo\/ -->\n<title>Gr\u00e0cies - IMAGINA Agencia de Marketing Digital<\/title>\n<meta name=\"robots\" content=\"index, follow, max-snippet:-1, max-image-preview:large, max-video-preview:-1\" \/>\n<link rel=\"canonical\" href=\"https:\/\/imaginadigital.com\/ca\/gracies\/\" \/>\n<meta property=\"og:locale\" content=\"ca_ES\" \/>\n<meta property=\"og:type\" content=\"article\" \/>\n<meta property=\"og:title\" content=\"Gr\u00e0cies - IMAGINA Agencia de Marketing Digital\" \/>\n<meta property=\"og:description\" content=\"El teu missatge ha estat enviat. Aviat ens posarem en contacte amb tu. Casos de \u00e9xito TORNAR\" \/>\n<meta property=\"og:url\" content=\"https:\/\/imaginadigital.com\/ca\/gracies\/\" \/>\n<meta property=\"og:site_name\" content=\"IMAGINA Agencia de Marketing Digital\" \/>\n<meta property=\"article:modified_time\" content=\"2023-04-06T17:24:32+00:00\" \/>\n<meta property=\"og:image\" content=\"https:\/\/imaginadigital.com\/wp-content\/uploads\/2023\/03\/thanks_imagina.svg\" \/>\n<meta name=\"twitter:card\" content=\"summary_large_image\" \/>\n<script type=\"application\/ld+json\" class=\"yoast-schema-graph\">{\"@context\":\"https:\/\/schema.org\",\"@graph\":[{\"@type\":\"WebPage\",\"@id\":\"https:\/\/imaginadigital.com\/ca\/gracies\/\",\"url\":\"https:\/\/imaginadigital.com\/ca\/gracies\/\",\"name\":\"Gr\u00e0cies - IMAGINA Agencia de Marketing Digital\",\"isPartOf\":{\"@id\":\"https:\/\/imaginadigital.com\/ca\/#website\"},\"primaryImageOfPage\":{\"@id\":\"https:\/\/imaginadigital.com\/ca\/gracies\/#primaryimage\"},\"image\":{\"@id\":\"https:\/\/imaginadigital.com\/ca\/gracies\/#primaryimage\"},\"thumbnailUrl\":\"https:\/\/imaginadigital.com\/wp-content\/uploads\/2023\/03\/thanks_imagina.svg\",\"datePublished\":\"2022-05-27T09:21:34+00:00\",\"dateModified\":\"2023-04-06T17:24:32+00:00\",\"breadcrumb\":{\"@id\":\"https:\/\/imaginadigital.com\/ca\/gracies\/#breadcrumb\"},\"inLanguage\":\"ca\",\"potentialAction\":[{\"@type\":\"ReadAction\",\"target\":[\"https:\/\/imaginadigital.com\/ca\/gracies\/\"]}]},{\"@type\":\"ImageObject\",\"inLanguage\":\"ca\",\"@id\":\"https:\/\/imaginadigital.com\/ca\/gracies\/#primaryimage\",\"url\":\"https:\/\/imaginadigital.com\/wp-content\/uploads\/2023\/03\/thanks_imagina.svg\",\"contentUrl\":\"https:\/\/imaginadigital.com\/wp-content\/uploads\/2023\/03\/thanks_imagina.svg\"},{\"@type\":\"BreadcrumbList\",\"@id\":\"https:\/\/imaginadigital.com\/ca\/gracies\/#breadcrumb\",\"itemListElement\":[{\"@type\":\"ListItem\",\"position\":1,\"name\":\"Portada\",\"item\":\"https:\/\/imaginadigital.com\/ca\/\"},{\"@type\":\"ListItem\",\"position\":2,\"name\":\"Gr\u00e0cies\"}]},{\"@type\":\"WebSite\",\"@id\":\"https:\/\/imaginadigital.com\/ca\/#website\",\"url\":\"https:\/\/imaginadigital.com\/ca\/\",\"name\":\"IMAGINA Agencia de Marketing Digital\",\"description\":\"Somos IMAGINA, la agencia de Social Media y marketing digital l\u00edder en Espa\u00f1a. Un equipo con 10 a\u00f1os de experiencia y 300 casos de \u00e9xito. Queremos ser tu partner en redes sociales\",\"publisher\":{\"@id\":\"https:\/\/imaginadigital.com\/ca\/#organization\"},\"potentialAction\":[{\"@type\":\"SearchAction\",\"target\":{\"@type\":\"EntryPoint\",\"urlTemplate\":\"https:\/\/imaginadigital.com\/ca\/?s={search_term_string}\"},\"query-input\":{\"@type\":\"PropertyValueSpecification\",\"valueRequired\":true,\"valueName\":\"search_term_string\"}}],\"inLanguage\":\"ca\"},{\"@type\":\"Organization\",\"@id\":\"https:\/\/imaginadigital.com\/ca\/#organization\",\"name\":\"IMAGINA Agencia de Marketing Digital\",\"url\":\"https:\/\/imaginadigital.com\/ca\/\",\"logo\":{\"@type\":\"ImageObject\",\"inLanguage\":\"ca\",\"@id\":\"https:\/\/imaginadigital.com\/ca\/#\/schema\/logo\/image\/\",\"url\":\"https:\/\/imaginadigital.com\/wp-content\/uploads\/2024\/11\/cropped-LOGO_NEW_IMAGINA.png\",\"contentUrl\":\"https:\/\/imaginadigital.com\/wp-content\/uploads\/2024\/11\/cropped-LOGO_NEW_IMAGINA.png\",\"width\":280,\"height\":56,\"caption\":\"IMAGINA Agencia de Marketing Digital\"},\"image\":{\"@id\":\"https:\/\/imaginadigital.com\/ca\/#\/schema\/logo\/image\/\"}}]}<\/script>\n<!-- \/ Yoast SEO plugin. -->","yoast_head_json":{"title":"Gr\u00e0cies - IMAGINA Agencia de Marketing Digital","robots":{"index":"index","follow":"follow","max-snippet":"max-snippet:-1","max-image-preview":"max-image-preview:large","max-video-preview":"max-video-preview:-1"},"canonical":"https:\/\/imaginadigital.com\/ca\/gracies\/","og_locale":"ca_ES","og_type":"article","og_title":"Gr\u00e0cies - IMAGINA Agencia de Marketing Digital","og_description":"El teu missatge ha estat enviat. Aviat ens posarem en contacte amb tu. Casos de \u00e9xito TORNAR","og_url":"https:\/\/imaginadigital.com\/ca\/gracies\/","og_site_name":"IMAGINA Agencia de Marketing Digital","article_modified_time":"2023-04-06T17:24:32+00:00","og_image":[{"url":"https:\/\/imaginadigital.com\/wp-content\/uploads\/2023\/03\/thanks_imagina.svg","type":"","width":"","height":""}],"twitter_card":"summary_large_image","schema":{"@context":"https:\/\/schema.org","@graph":[{"@type":"WebPage","@id":"https:\/\/imaginadigital.com\/ca\/gracies\/","url":"https:\/\/imaginadigital.com\/ca\/gracies\/","name":"Gr\u00e0cies - IMAGINA Agencia de Marketing Digital","isPartOf":{"@id":"https:\/\/imaginadigital.com\/ca\/#website"},"primaryImageOfPage":{"@id":"https:\/\/imaginadigital.com\/ca\/gracies\/#primaryimage"},"image":{"@id":"https:\/\/imaginadigital.com\/ca\/gracies\/#primaryimage"},"thumbnailUrl":"https:\/\/imaginadigital.com\/wp-content\/uploads\/2023\/03\/thanks_imagina.svg","datePublished":"2022-05-27T09:21:34+00:00","dateModified":"2023-04-06T17:24:32+00:00","breadcrumb":{"@id":"https:\/\/imaginadigital.com\/ca\/gracies\/#breadcrumb"},"inLanguage":"ca","potentialAction":[{"@type":"ReadAction","target":["https:\/\/imaginadigital.com\/ca\/gracies\/"]}]},{"@type":"ImageObject","inLanguage":"ca","@id":"https:\/\/imaginadigital.com\/ca\/gracies\/#primaryimage","url":"https:\/\/imaginadigital.com\/wp-content\/uploads\/2023\/03\/thanks_imagina.svg","contentUrl":"https:\/\/imaginadigital.com\/wp-content\/uploads\/2023\/03\/thanks_imagina.svg"},{"@type":"BreadcrumbList","@id":"https:\/\/imaginadigital.com\/ca\/gracies\/#breadcrumb","itemListElement":[{"@type":"ListItem","position":1,"name":"Portada","item":"https:\/\/imaginadigital.com\/ca\/"},{"@type":"ListItem","position":2,"name":"Gr\u00e0cies"}]},{"@type":"WebSite","@id":"https:\/\/imaginadigital.com\/ca\/#website","url":"https:\/\/imaginadigital.com\/ca\/","name":"IMAGINA Agencia de Marketing Digital","description":"Somos IMAGINA, la agencia de Social Media y marketing digital l\u00edder en Espa\u00f1a. Un equipo con 10 a\u00f1os de experiencia y 300 casos de \u00e9xito. Queremos ser tu partner en redes sociales","publisher":{"@id":"https:\/\/imaginadigital.com\/ca\/#organization"},"potentialAction":[{"@type":"SearchAction","target":{"@type":"EntryPoint","urlTemplate":"https:\/\/imaginadigital.com\/ca\/?s={search_term_string}"},"query-input":{"@type":"PropertyValueSpecification","valueRequired":true,"valueName":"search_term_string"}}],"inLanguage":"ca"},{"@type":"Organization","@id":"https:\/\/imaginadigital.com\/ca\/#organization","name":"IMAGINA Agencia de Marketing Digital","url":"https:\/\/imaginadigital.com\/ca\/","logo":{"@type":"ImageObject","inLanguage":"ca","@id":"https:\/\/imaginadigital.com\/ca\/#\/schema\/logo\/image\/","url":"https:\/\/imaginadigital.com\/wp-content\/uploads\/2024\/11\/cropped-LOGO_NEW_IMAGINA.png","contentUrl":"https:\/\/imaginadigital.com\/wp-content\/uploads\/2024\/11\/cropped-LOGO_NEW_IMAGINA.png","width":280,"height":56,"caption":"IMAGINA Agencia de Marketing Digital"},"image":{"@id":"https:\/\/imaginadigital.com\/ca\/#\/schema\/logo\/image\/"}}]}},"_links":{"self":[{"href":"https:\/\/imaginadigital.com\/ca\/wp-json\/wp\/v2\/pages\/5902","targetHints":{"allow":["GET"]}}],"collection":[{"href":"https:\/\/imaginadigital.com\/ca\/wp-json\/wp\/v2\/pages"}],"about":[{"href":"https:\/\/imaginadigital.com\/ca\/wp-json\/wp\/v2\/types\/page"}],"author":[{"embeddable":true,"href":"https:\/\/imaginadigital.com\/ca\/wp-json\/wp\/v2\/users\/4"}],"replies":[{"embeddable":true,"href":"https:\/\/imaginadigital.com\/ca\/wp-json\/wp\/v2\/comments?post=5902"}],"version-history":[{"count":0,"href":"https:\/\/imaginadigital.com\/ca\/wp-json\/wp\/v2\/pages\/5902\/revisions"}],"wp:attachment":[{"href":"https:\/\/imaginadigital.com\/ca\/wp-json\/wp\/v2\/media?parent=5902"}],"curies":[{"name":"wp","href":"https:\/\/api.w.org\/{rel}","templated":true}]}}